{"id":10070,"date":"2026-03-25T08:15:10","date_gmt":"2026-03-25T08:15:10","guid":{"rendered":"https:\/\/sitac.transdev-hdf.fr\/?page_id=10070"},"modified":"2026-03-26T08:46:46","modified_gmt":"2026-03-26T08:46:46","slug":"navette-tad-zi-des-dunes","status":"publish","type":"page","link":"https:\/\/sitac.transdev-hdf.fr\/index.php\/mes-services\/navette-tad-zi-des-dunes\/","title":{"rendered":"Navette TAD &#8211; ZI des Dunes"},"content":{"rendered":"<div class=\"wp-block-image\">\n<figure class=\"aligncenter size-full\"><img decoding=\"async\" loading=\"lazy\" width=\"709\" height=\"472\" src=\"https:\/\/sitac.transdev-hdf.fr\/wp-content\/uploads\/2026\/03\/Image-ZI-Connect.jpg\" alt=\"\" class=\"wp-image-10072\" srcset=\"https:\/\/sitac.transdev-hdf.fr\/wp-content\/uploads\/2026\/03\/Image-ZI-Connect.jpg 709w, https:\/\/sitac.transdev-hdf.fr\/wp-content\/uploads\/2026\/03\/Image-ZI-Connect-300x200.jpg 300w\" sizes=\"(max-width: 709px) 100vw, 709px\" \/><\/figure><\/div>\n\n\n<h2 class=\"wp-block-heading has-text-align-center\"><mark style=\"background-color:rgba(0, 0, 0, 0);color:#993467\" class=\"has-inline-color\"><strong>Une navette GRATUITE pour rejoindre votre lieu de travail ?<\/strong><\/mark><\/h2>\n\n\n\n<p>Afin de permettre aux salari\u00e9s de la Zone industrielle des Dunes de rejoindre leur lieu de travail en transports en commun, le SITAC met en \u0153uvre, \u00e0 titre exp\u00e9rimental jusqu\u2019\u00e0 la fin de l\u2019ann\u00e9e 2026, une navette bus qui leur est r\u00e9serv\u00e9e.<\/p>\n\n\n\n<h3 class=\"wp-block-heading has-text-align-left\"><strong><mark style=\"background-color:rgba(0, 0, 0, 0);color:#993467\" class=\"has-inline-color\">Comment \u00e7a marche ?<\/mark><\/strong><\/h3>\n\n\n\n<p>Le service est ouvert <strong><mark style=\"background-color:rgba(0, 0, 0, 0);color:#993467\" class=\"has-inline-color\">uniquement aux salari\u00e9s de la Zone industrielle des Dunes<\/mark><\/strong> situ\u00e9e sur le territoire de la commune de Calais ind\u00e9pendamment de leur adresse de domicile.<br>Il s\u2019agit d\u2019un <strong><mark style=\"background-color:rgba(0, 0, 0, 0);color:#993467\" class=\"has-inline-color\">Transport \u00e0 la Demande<\/mark><\/strong> avec d\u00e9part et\/ou d\u00e9p\u00f4t \u00e0 l\u2019un des arr\u00eats suivants :<\/p>\n\n\n\n<ul>\n<li>P\u00f4le d\u2019\u00c9changes Multimodal\/Gare Calais-Ville<\/li>\n\n\n\n<li>Alcatel Submarine Networks<\/li>\n\n\n\n<li>Graftech\/Interor<br><\/li>\n<\/ul>\n\n\n<div class=\"wp-block-image\">\n<figure class=\"aligncenter size-large\"><img decoding=\"async\" loading=\"lazy\" width=\"1024\" height=\"502\" src=\"https:\/\/sitac.transdev-hdf.fr\/wp-content\/uploads\/2026\/03\/Image-PLAN_TAD_ZI_DUNES-1024x502.jpg\" alt=\"\" class=\"wp-image-10076\" srcset=\"https:\/\/sitac.transdev-hdf.fr\/wp-content\/uploads\/2026\/03\/Image-PLAN_TAD_ZI_DUNES-1024x502.jpg 1024w, https:\/\/sitac.transdev-hdf.fr\/wp-content\/uploads\/2026\/03\/Image-PLAN_TAD_ZI_DUNES-300x147.jpg 300w, https:\/\/sitac.transdev-hdf.fr\/wp-content\/uploads\/2026\/03\/Image-PLAN_TAD_ZI_DUNES-768x377.jpg 768w, https:\/\/sitac.transdev-hdf.fr\/wp-content\/uploads\/2026\/03\/Image-PLAN_TAD_ZI_DUNES-1536x754.jpg 1536w, https:\/\/sitac.transdev-hdf.fr\/wp-content\/uploads\/2026\/03\/Image-PLAN_TAD_ZI_DUNES-2048x1005.jpg 2048w, https:\/\/sitac.transdev-hdf.fr\/wp-content\/uploads\/2026\/03\/Image-PLAN_TAD_ZI_DUNES-1568x769.jpg 1568w\" sizes=\"(max-width: 1024px) 100vw, 1024px\" \/><\/figure><\/div>\n\n\n<h3 class=\"wp-block-heading\"><strong><mark style=\"background-color:rgba(0, 0, 0, 0);color:#993467\" class=\"has-inline-color\">Comment s&rsquo;inscrire ?<\/mark><\/strong><\/h3>\n\n\n\n<p>L\u2019acc\u00e8s au service est soumis \u00e0 une<strong> <mark style=\"background-color:rgba(0, 0, 0, 0);color:#993467\" class=\"has-inline-color\">inscription pr\u00e9alable aupr\u00e8s de Calais Opale Bus<\/mark><\/strong>,<br>via le<strong> <mark style=\"background-color:rgba(0, 0, 0, 0);color:#993467\" class=\"has-inline-color\">formulaire<\/mark><\/strong> \u00ab\u00a0Demande pour devenir client\u00a0\u00bb : <a rel=\"noreferrer noopener\" href=\"https:\/\/stce.transdev-hdf.fr\/navette\" target=\"_blank\"><img decoding=\"async\" loading=\"lazy\" width=\"47\" height=\"47\" class=\"wp-image-3139\" style=\"width: 47px;\" src=\"https:\/\/sitac.transdev-hdf.fr\/wp-content\/uploads\/2020\/10\/Cliquer-Ici.png\" alt=\"\"><\/a><br><strong><mark style=\"background-color:rgba(0, 0, 0, 0);color:#993467\" class=\"has-inline-color\">L\u2019inscription est ensuite valid\u00e9e<\/mark><\/strong> apr\u00e8s r\u00e9ception d\u2019<strong><mark style=\"background-color:rgba(0, 0, 0, 0);color:#993467\" class=\"has-inline-color\">une attestation de l\u2019employeur<\/mark><\/strong> confirmant que la personne travaille dans une entreprise de la Zone des Dunes, ainsi que d\u2019une <strong><mark style=\"background-color:rgba(0, 0, 0, 0);color:#993467\" class=\"has-inline-color\">copie recto verso de sa pi\u00e8ce d\u2019identit\u00e9<\/mark><\/strong>.<br>Une fois le <strong><mark style=\"background-color:rgba(0, 0, 0, 0);color:#993467\" class=\"has-inline-color\">dossier valid\u00e9<\/mark><\/strong>, <strong><mark style=\"background-color:rgba(0, 0, 0, 0);color:#993467\" class=\"has-inline-color\">l\u2019usager re\u00e7oit ses identifiants<\/mark><\/strong> pour acc\u00e9der \u00e0 la plateforme de r\u00e9servation en ligne.<br>Consultez les <strong><mark style=\"background-color:rgba(0, 0, 0, 0);color:#993467\" class=\"has-inline-color\">Conditions G\u00e9n\u00e9rales d&rsquo;Utilisation<\/mark><\/strong> : <a rel=\"noreferrer noopener\" href=\"https:\/\/sitac.transdev-hdf.fr\/wp-content\/uploads\/2026\/03\/A1-Navette-ZI-des-Dunes.pdf\" target=\"_blank\"><img decoding=\"async\" loading=\"lazy\" width=\"47\" height=\"47\" class=\"wp-image-3139\" style=\"width: 47px;\" src=\"https:\/\/sitac.transdev-hdf.fr\/wp-content\/uploads\/2020\/10\/Cliquer-Ici.png\" alt=\"\"><\/a><\/p>\n\n\n\n<h3 class=\"wp-block-heading\"><strong><mark style=\"background-color:rgba(0, 0, 0, 0);color:#993467\" class=\"has-inline-color\">Comment r\u00e9server ?<\/mark><\/strong><\/h3>\n\n\n\n<ul>\n<li>La<mark style=\"background-color:rgba(0, 0, 0, 0);color:#993467\" class=\"has-inline-color\"> <strong>r\u00e9servation se fait en ligne<\/strong><\/mark> par le demandeur depuis son espace utilisateur ou par t\u00e9l\u00e9phone<br>au 03.21.19.72.72.<\/li>\n\n\n\n<li>La r\u00e9servation ou l\u2019annulation d\u2019un trajet en cas d\u2019emp\u00eachement est<mark style=\"background-color:rgba(0, 0, 0, 0);color:#993467\" class=\"has-inline-color\"> <strong>possible jusqu\u2019\u00e0 la veille 17h00<\/strong><\/mark>.<\/li>\n\n\n\n<li>Possibilit\u00e9 de r\u00e9server<mark style=\"background-color:rgba(0, 0, 0, 0);color:#993467\" class=\"has-inline-color\"> <strong>jusqu\u2019\u00e0 10 trajets \u00e0 l\u2019avance<\/strong> <\/mark>ou de r\u00e9server<mark style=\"background-color:rgba(0, 0, 0, 0);color:#993467\" class=\"has-inline-color\"> <strong>des trajets r\u00e9guliers<\/strong><\/mark>.<\/li>\n\n\n\n<li>Il est recommand\u00e9 d\u2019<strong><mark style=\"background-color:rgba(0, 0, 0, 0);color:#993467\" class=\"has-inline-color\">anticiper la r\u00e9servation<\/mark><\/strong> afin d\u2019obtenir une r\u00e9ponse la plus conforme possible \u00e0 la demande.<\/li>\n\n\n\n<li>Au moment de la r\u00e9servation il est n\u00e9cessaire de pr\u00e9ciser<strong> <mark style=\"background-color:rgba(0, 0, 0, 0);color:#993467\" class=\"has-inline-color\">l\u2019horaire souhait\u00e9 et le point de descente demand\u00e9<\/mark><\/strong>.<\/li>\n\n\n\n<li>Une fois les trajets r\u00e9serv\u00e9s, l\u2019usager recevra <strong><mark style=\"background-color:rgba(0, 0, 0, 0);color:#993467\" class=\"has-inline-color\">un mail de confirmation<\/mark><\/strong> qu\u2019il devra <strong><mark style=\"background-color:rgba(0, 0, 0, 0);color:#993467\" class=\"has-inline-color\">pr\u00e9senter au chauffeur<\/mark><\/strong> le jour du trajet.<br><\/li>\n<\/ul>\n\n\n<div class=\"wp-block-image\">\n<figure class=\"aligncenter size-large\"><img decoding=\"async\" loading=\"lazy\" width=\"1024\" height=\"122\" src=\"https:\/\/sitac.transdev-hdf.fr\/wp-content\/uploads\/2026\/03\/Image-Bandeau-Horaires-1024x122.jpg\" alt=\"\" class=\"wp-image-10081\" srcset=\"https:\/\/sitac.transdev-hdf.fr\/wp-content\/uploads\/2026\/03\/Image-Bandeau-Horaires-1024x122.jpg 1024w, https:\/\/sitac.transdev-hdf.fr\/wp-content\/uploads\/2026\/03\/Image-Bandeau-Horaires-300x36.jpg 300w, https:\/\/sitac.transdev-hdf.fr\/wp-content\/uploads\/2026\/03\/Image-Bandeau-Horaires-768x91.jpg 768w, https:\/\/sitac.transdev-hdf.fr\/wp-content\/uploads\/2026\/03\/Image-Bandeau-Horaires-1536x183.jpg 1536w, https:\/\/sitac.transdev-hdf.fr\/wp-content\/uploads\/2026\/03\/Image-Bandeau-Horaires-2048x244.jpg 2048w, https:\/\/sitac.transdev-hdf.fr\/wp-content\/uploads\/2026\/03\/Image-Bandeau-Horaires-1568x187.jpg 1568w\" sizes=\"(max-width: 1024px) 100vw, 1024px\" \/><\/figure><\/div>\n\n<div class=\"wp-block-image\">\n<figure class=\"aligncenter size-large\"><img decoding=\"async\" loading=\"lazy\" width=\"1024\" height=\"324\" src=\"https:\/\/sitac.transdev-hdf.fr\/wp-content\/uploads\/2026\/03\/Image-Horaires-GareVersGraftech-1024x324.jpg\" alt=\"\" class=\"wp-image-10082\" srcset=\"https:\/\/sitac.transdev-hdf.fr\/wp-content\/uploads\/2026\/03\/Image-Horaires-GareVersGraftech-1024x324.jpg 1024w, https:\/\/sitac.transdev-hdf.fr\/wp-content\/uploads\/2026\/03\/Image-Horaires-GareVersGraftech-300x95.jpg 300w, https:\/\/sitac.transdev-hdf.fr\/wp-content\/uploads\/2026\/03\/Image-Horaires-GareVersGraftech-768x243.jpg 768w, https:\/\/sitac.transdev-hdf.fr\/wp-content\/uploads\/2026\/03\/Image-Horaires-GareVersGraftech-1536x486.jpg 1536w, https:\/\/sitac.transdev-hdf.fr\/wp-content\/uploads\/2026\/03\/Image-Horaires-GareVersGraftech-2048x649.jpg 2048w, https:\/\/sitac.transdev-hdf.fr\/wp-content\/uploads\/2026\/03\/Image-Horaires-GareVersGraftech-1568x497.jpg 1568w\" sizes=\"(max-width: 1024px) 100vw, 1024px\" \/><\/figure><\/div>\n\n<div class=\"wp-block-image\">\n<figure class=\"aligncenter size-large\"><img decoding=\"async\" loading=\"lazy\" width=\"1024\" height=\"279\" src=\"https:\/\/sitac.transdev-hdf.fr\/wp-content\/uploads\/2026\/03\/Image-Horaires-GraftechVersGare-1024x279.jpg\" alt=\"\" class=\"wp-image-10084\" srcset=\"https:\/\/sitac.transdev-hdf.fr\/wp-content\/uploads\/2026\/03\/Image-Horaires-GraftechVersGare-1024x279.jpg 1024w, https:\/\/sitac.transdev-hdf.fr\/wp-content\/uploads\/2026\/03\/Image-Horaires-GraftechVersGare-300x82.jpg 300w, https:\/\/sitac.transdev-hdf.fr\/wp-content\/uploads\/2026\/03\/Image-Horaires-GraftechVersGare-768x209.jpg 768w, https:\/\/sitac.transdev-hdf.fr\/wp-content\/uploads\/2026\/03\/Image-Horaires-GraftechVersGare-1536x418.jpg 1536w, https:\/\/sitac.transdev-hdf.fr\/wp-content\/uploads\/2026\/03\/Image-Horaires-GraftechVersGare-2048x557.jpg 2048w, https:\/\/sitac.transdev-hdf.fr\/wp-content\/uploads\/2026\/03\/Image-Horaires-GraftechVersGare-1568x426.jpg 1568w\" sizes=\"(max-width: 1024px) 100vw, 1024px\" \/><\/figure><\/div>","protected":false},"excerpt":{"rendered":"<p>Une navette GRATUITE pour rejoindre votre lieu de travail ? Afin de permettre aux salari\u00e9s de la Zone industrielle des Dunes de rejoindre leur lieu de travail en transports en commun, le SITAC met en \u0153uvre, \u00e0 titre exp\u00e9rimental jusqu\u2019\u00e0 la fin de l\u2019ann\u00e9e 2026, une navette bus qui leur est r\u00e9serv\u00e9e. Comment \u00e7a marche &hellip; <\/p>\n<p class=\"link-more\"><a href=\"https:\/\/sitac.transdev-hdf.fr\/index.php\/mes-services\/navette-tad-zi-des-dunes\/\" class=\"more-link\">Continuer la lecture <span class=\"screen-reader-text\"> \u00ab\u00a0Navette TAD &#8211; ZI des Dunes\u00a0\u00bb<\/span><\/a><\/p>\n","protected":false},"author":3,"featured_media":0,"parent":2723,"menu_order":14,"comment_status":"closed","ping_status":"closed","template":"","meta":{"_expiration-date-status":"","_expiration-date":1775115970,"_expiration-date-type":"draft","_expiration-date-categories":[],"_expiration-date-options":[]},"_links":{"self":[{"href":"https:\/\/sitac.transdev-hdf.fr\/index.php\/wp-json\/wp\/v2\/pages\/10070"}],"collection":[{"href":"https:\/\/sitac.transdev-hdf.fr\/index.php\/wp-json\/wp\/v2\/pages"}],"about":[{"href":"https:\/\/sitac.transdev-hdf.fr\/index.php\/wp-json\/wp\/v2\/types\/page"}],"author":[{"embeddable":true,"href":"https:\/\/sitac.transdev-hdf.fr\/index.php\/wp-json\/wp\/v2\/users\/3"}],"replies":[{"embeddable":true,"href":"https:\/\/sitac.transdev-hdf.fr\/index.php\/wp-json\/wp\/v2\/comments?post=10070"}],"version-history":[{"count":23,"href":"https:\/\/sitac.transdev-hdf.fr\/index.php\/wp-json\/wp\/v2\/pages\/10070\/revisions"}],"predecessor-version":[{"id":10103,"href":"https:\/\/sitac.transdev-hdf.fr\/index.php\/wp-json\/wp\/v2\/pages\/10070\/revisions\/10103"}],"up":[{"embeddable":true,"href":"https:\/\/sitac.transdev-hdf.fr\/index.php\/wp-json\/wp\/v2\/pages\/2723"}],"wp:attachment":[{"href":"https:\/\/sitac.transdev-hdf.fr\/index.php\/wp-json\/wp\/v2\/media?parent=10070"}],"curies":[{"name":"wp","href":"https:\/\/api.w.org\/{rel}","templated":true}]}}