{"id":2994,"date":"2020-09-29T13:11:40","date_gmt":"2020-09-29T13:11:40","guid":{"rendered":"https:\/\/sitac.transdev-hdf.fr\/?page_id=2994"},"modified":"2022-06-29T13:19:05","modified_gmt":"2022-06-29T13:19:05","slug":"pedagogie","status":"publish","type":"page","link":"https:\/\/sitac.transdev-hdf.fr\/index.php\/divers\/pedagogie\/","title":{"rendered":"P\u00e9dagogie"},"content":{"rendered":"\n<figure class=\"wp-block-image alignwide size-large\"><img decoding=\"async\" loading=\"lazy\" width=\"1024\" height=\"271\" src=\"https:\/\/sitac.transdev-hdf.fr\/wp-content\/uploads\/2020\/10\/RubriqueOPEPEDAGOGIQUES-SiteSEPTEMBRE2020-NEWVERSION-COB-01-1024x271.png\" alt=\"\" class=\"wp-image-3107\" srcset=\"https:\/\/sitac.transdev-hdf.fr\/wp-content\/uploads\/2020\/10\/RubriqueOPEPEDAGOGIQUES-SiteSEPTEMBRE2020-NEWVERSION-COB-01-1024x271.png 1024w, https:\/\/sitac.transdev-hdf.fr\/wp-content\/uploads\/2020\/10\/RubriqueOPEPEDAGOGIQUES-SiteSEPTEMBRE2020-NEWVERSION-COB-01-300x79.png 300w, https:\/\/sitac.transdev-hdf.fr\/wp-content\/uploads\/2020\/10\/RubriqueOPEPEDAGOGIQUES-SiteSEPTEMBRE2020-NEWVERSION-COB-01-768x203.png 768w, https:\/\/sitac.transdev-hdf.fr\/wp-content\/uploads\/2020\/10\/RubriqueOPEPEDAGOGIQUES-SiteSEPTEMBRE2020-NEWVERSION-COB-01-1536x406.png 1536w, https:\/\/sitac.transdev-hdf.fr\/wp-content\/uploads\/2020\/10\/RubriqueOPEPEDAGOGIQUES-SiteSEPTEMBRE2020-NEWVERSION-COB-01-1568x415.png 1568w, https:\/\/sitac.transdev-hdf.fr\/wp-content\/uploads\/2020\/10\/RubriqueOPEPEDAGOGIQUES-SiteSEPTEMBRE2020-NEWVERSION-COB-01.png 1693w\" sizes=\"(max-width: 1024px) 100vw, 1024px\" \/><\/figure>\n\n\n\n<div class=\"wp-block-columns is-layout-flex wp-container-3\">\n<div class=\"wp-block-column is-layout-flow\">\n<h5 class=\"wp-block-heading\"><span style=\"color:#993467\" class=\"has-inline-color\">ON Y VA EN BUS<\/span><\/h5>\n\n\n\n<p>Le transport urbain fait ou fera partie de la vie quotidienne des enfants. Il apparait indispensable qu\u2019ils int\u00e8grent, d\u00e8s le plus jeune \u00e2ge, l\u2019organisation et le fonctionnement d\u2019une entreprise de transport, qu\u2019ils comprennent les contraintes quotidiennes du personnel ainsi que les efforts faits par les agglom\u00e9rations pour assurer le fonctionnement. Etablir un dialogue construit, agr\u00e9ment\u00e9 d\u2019outils p\u00e9dagogiques performants, \u00e9couter et \u00eatre \u00e9cout\u00e9, ceci concourt \u00e0 la formation d\u2019un esprit civique et favorise le d\u00e9veloppement de comportements adapt\u00e9s.&nbsp;<\/p>\n\n\n\n<p>D\u00e8s 1996, le r\u00e9seau du SITAC&nbsp;&nbsp;s\u2019est inscrit comme un acteur de l\u2019\u00e9ducation et de la sensibilisation des plus jeunes, en instaurant un partenariat durable avec l\u2019Education Nationale.&nbsp;<\/p>\n\n\n\n<p>Ce partenariat s\u2019est concr\u00e9tis\u00e9 et instaur\u00e9 avec les \u00e9coles primaires de l\u2019agglom\u00e9ration, \u00e0 travers l\u2019op\u00e9ration \u00ab On y va en bus ! \u00bb. A la triple initiative de l\u2019AOM (SITAC), de Calais Opale Bus et des Inspections Acad\u00e9miques, cette op\u00e9ration a depuis pris une ampleur consid\u00e9rable. Il s\u2019agit pour les \u00e9l\u00e8ves des classes de maternelles et CM2 de l\u2019agglom\u00e9ration, d\u2019appr\u00e9hender le fonctionnement et l\u2019utilisation de leur r\u00e9seau de transport en commun par une d\u00e9couverte approfondie de celui-ci.<\/p>\n\n\n\n<figure class=\"wp-block-image size-large is-style-rounded\"><img decoding=\"async\" loading=\"lazy\" width=\"883\" height=\"509\" src=\"https:\/\/sitac.transdev-hdf.fr\/wp-content\/uploads\/2020\/10\/Logo-On-y-va-en-Bus.png\" alt=\"\" class=\"wp-image-3528\" srcset=\"https:\/\/sitac.transdev-hdf.fr\/wp-content\/uploads\/2020\/10\/Logo-On-y-va-en-Bus.png 883w, https:\/\/sitac.transdev-hdf.fr\/wp-content\/uploads\/2020\/10\/Logo-On-y-va-en-Bus-300x173.png 300w, https:\/\/sitac.transdev-hdf.fr\/wp-content\/uploads\/2020\/10\/Logo-On-y-va-en-Bus-768x443.png 768w\" sizes=\"(max-width: 883px) 100vw, 883px\" \/><\/figure>\n<\/div>\n\n\n\n<div class=\"wp-block-column is-layout-flow\">\n<h5 class=\"wp-block-heading\"><span style=\"color:#993467\" class=\"has-inline-color\">CROISIERES PEDAGOGIQUES<\/span><\/h5>\n\n\n\n<p>Avec l\u2019arriv\u00e9e de la Calais Majest\u2019in, le SITAC a souhait\u00e9 proposer aux \u00e9tablissements scolaires de l\u2019agglom\u00e9ration un nouvel outil \u00e9ducatif sous la forme de croisi\u00e8res p\u00e9dagogiques permettant d\u2019aborder diff\u00e9rentes th\u00e9matiques li\u00e9es au canal et ses abords. &nbsp;<\/p>\n\n\n\n<p>Ces animations \u00e0 bord de la navette ont pour vocation de faire d\u00e9couvrir aux enfants la navigation fluviale, le bateau, le territoire depuis le canal, de faire prendre conscience de l&rsquo;importance de l&rsquo;eau et de la n\u00e9cessit\u00e9 pour tous de lutter contre la pollution et le gaspillage, de le sensibiliser \u00e0 la pollution atmosph\u00e9rique et enfin de revisiter l\u2019histoire de l\u2019agglom\u00e9ration au travers de cette voie d\u2019eau.&nbsp;<\/p>\n\n\n\n<p>Cette offre devient une composante suppl\u00e9mentaire de l\u2019action du SITAC en faveur des enfants au m\u00eame titre que l\u2019animation \u00ab On y va en bus \u00bb.&nbsp;<\/p>\n\n\n\n<figure class=\"wp-block-image size-large is-style-rounded\"><img decoding=\"async\" loading=\"lazy\" width=\"800\" height=\"731\" src=\"https:\/\/sitac.transdev-hdf.fr\/wp-content\/uploads\/2020\/10\/Logo-Croisiere-Pedagogique.png\" alt=\"\" class=\"wp-image-3534\" srcset=\"https:\/\/sitac.transdev-hdf.fr\/wp-content\/uploads\/2020\/10\/Logo-Croisiere-Pedagogique.png 800w, https:\/\/sitac.transdev-hdf.fr\/wp-content\/uploads\/2020\/10\/Logo-Croisiere-Pedagogique-300x274.png 300w, https:\/\/sitac.transdev-hdf.fr\/wp-content\/uploads\/2020\/10\/Logo-Croisiere-Pedagogique-768x702.png 768w\" sizes=\"(max-width: 800px) 100vw, 800px\" \/><\/figure>\n<\/div>\n<\/div>\n\n\n\n<p><\/p>\n","protected":false},"excerpt":{"rendered":"<p>ON Y VA EN BUS Le transport urbain fait ou fera partie de la vie quotidienne des enfants. Il apparait indispensable qu\u2019ils int\u00e8grent, d\u00e8s le plus jeune \u00e2ge, l\u2019organisation et le fonctionnement d\u2019une entreprise de transport, qu\u2019ils comprennent les contraintes quotidiennes du personnel ainsi que les efforts faits par les agglom\u00e9rations pour assurer le fonctionnement. &hellip; <\/p>\n<p class=\"link-more\"><a href=\"https:\/\/sitac.transdev-hdf.fr\/index.php\/divers\/pedagogie\/\" class=\"more-link\">Continuer la lecture <span class=\"screen-reader-text\"> \u00ab\u00a0P\u00e9dagogie\u00a0\u00bb<\/span><\/a><\/p>\n","protected":false},"author":1,"featured_media":0,"parent":2729,"menu_order":2,"comment_status":"closed","ping_status":"closed","template":"","meta":{"_expiration-date-status":"","_expiration-date":0,"_expiration-date-type":"","_expiration-date-categories":[],"_expiration-date-options":[]},"_links":{"self":[{"href":"https:\/\/sitac.transdev-hdf.fr\/index.php\/wp-json\/wp\/v2\/pages\/2994"}],"collection":[{"href":"https:\/\/sitac.transdev-hdf.fr\/index.php\/wp-json\/wp\/v2\/pages"}],"about":[{"href":"https:\/\/sitac.transdev-hdf.fr\/index.php\/wp-json\/wp\/v2\/types\/page"}],"author":[{"embeddable":true,"href":"https:\/\/sitac.transdev-hdf.fr\/index.php\/wp-json\/wp\/v2\/users\/1"}],"replies":[{"embeddable":true,"href":"https:\/\/sitac.transdev-hdf.fr\/index.php\/wp-json\/wp\/v2\/comments?post=2994"}],"version-history":[{"count":21,"href":"https:\/\/sitac.transdev-hdf.fr\/index.php\/wp-json\/wp\/v2\/pages\/2994\/revisions"}],"predecessor-version":[{"id":5129,"href":"https:\/\/sitac.transdev-hdf.fr\/index.php\/wp-json\/wp\/v2\/pages\/2994\/revisions\/5129"}],"up":[{"embeddable":true,"href":"https:\/\/sitac.transdev-hdf.fr\/index.php\/wp-json\/wp\/v2\/pages\/2729"}],"wp:attachment":[{"href":"https:\/\/sitac.transdev-hdf.fr\/index.php\/wp-json\/wp\/v2\/media?parent=2994"}],"curies":[{"name":"wp","href":"https:\/\/api.w.org\/{rel}","templated":true}]}}