{"id":3016,"date":"2020-09-29T14:04:12","date_gmt":"2020-09-29T14:04:12","guid":{"rendered":"https:\/\/sitac.transdev-hdf.fr\/?page_id=3016"},"modified":"2024-04-29T08:26:53","modified_gmt":"2024-04-29T08:26:53","slug":"regles-dusage","status":"publish","type":"page","link":"https:\/\/sitac.transdev-hdf.fr\/index.php\/se-deplacer\/regles-dusage\/","title":{"rendered":"R\u00e8gles d\u2019usage"},"content":{"rendered":"\n<figure class=\"wp-block-image alignwide size-large\"><img decoding=\"async\" loading=\"lazy\" width=\"1024\" height=\"271\" src=\"https:\/\/sitac.transdev-hdf.fr\/wp-content\/uploads\/2020\/10\/RubriqueRegles-SiteSEPTEMBRE2020-NEWVERSION-COB-01-1024x271.jpg\" alt=\"\" class=\"wp-image-3453\" srcset=\"https:\/\/sitac.transdev-hdf.fr\/wp-content\/uploads\/2020\/10\/RubriqueRegles-SiteSEPTEMBRE2020-NEWVERSION-COB-01-1024x271.jpg 1024w, https:\/\/sitac.transdev-hdf.fr\/wp-content\/uploads\/2020\/10\/RubriqueRegles-SiteSEPTEMBRE2020-NEWVERSION-COB-01-300x79.jpg 300w, https:\/\/sitac.transdev-hdf.fr\/wp-content\/uploads\/2020\/10\/RubriqueRegles-SiteSEPTEMBRE2020-NEWVERSION-COB-01-768x203.jpg 768w, https:\/\/sitac.transdev-hdf.fr\/wp-content\/uploads\/2020\/10\/RubriqueRegles-SiteSEPTEMBRE2020-NEWVERSION-COB-01-1536x406.jpg 1536w, https:\/\/sitac.transdev-hdf.fr\/wp-content\/uploads\/2020\/10\/RubriqueRegles-SiteSEPTEMBRE2020-NEWVERSION-COB-01-1568x415.jpg 1568w, https:\/\/sitac.transdev-hdf.fr\/wp-content\/uploads\/2020\/10\/RubriqueRegles-SiteSEPTEMBRE2020-NEWVERSION-COB-01.jpg 1693w\" sizes=\"(max-width: 1024px) 100vw, 1024px\" \/><\/figure>\n\n\n\n<figure class=\"wp-block-image alignwide size-large\"><img decoding=\"async\" loading=\"lazy\" width=\"1024\" height=\"441\" src=\"https:\/\/sitac.transdev-hdf.fr\/wp-content\/uploads\/2024\/04\/ReglesUsage-2024-1024x441.jpg\" alt=\"\" class=\"wp-image-6943\" srcset=\"https:\/\/sitac.transdev-hdf.fr\/wp-content\/uploads\/2024\/04\/ReglesUsage-2024-1024x441.jpg 1024w, https:\/\/sitac.transdev-hdf.fr\/wp-content\/uploads\/2024\/04\/ReglesUsage-2024-300x129.jpg 300w, https:\/\/sitac.transdev-hdf.fr\/wp-content\/uploads\/2024\/04\/ReglesUsage-2024-768x331.jpg 768w, https:\/\/sitac.transdev-hdf.fr\/wp-content\/uploads\/2024\/04\/ReglesUsage-2024-1536x661.jpg 1536w, https:\/\/sitac.transdev-hdf.fr\/wp-content\/uploads\/2024\/04\/ReglesUsage-2024-2048x882.jpg 2048w, https:\/\/sitac.transdev-hdf.fr\/wp-content\/uploads\/2024\/04\/ReglesUsage-2024-1568x675.jpg 1568w\" sizes=\"(max-width: 1024px) 100vw, 1024px\" \/><\/figure>\n\n\n\n<div class=\"wp-block-columns is-layout-flex wp-container-5\">\n<div class=\"wp-block-column is-layout-flow\">\n<h5 class=\"wp-block-heading\"><mark style=\"background-color:rgba(0, 0, 0, 0);color:#993467\" class=\"has-inline-color\">RESPECTEZ VOTRE ENVIRONNEMENT<\/mark><\/h5>\n\n\n\n<div class=\"wp-block-columns is-layout-flex wp-container-2\">\n<div class=\"wp-block-column is-layout-flow\">\n<p>> Il est strictement interdit de fumer \u00e0 bord, de vapoter et de consommer de l\u2019alcool ou autres produits illicites,<br>> N\u2019utilisez pas les si\u00e8ges comme repose pieds,<br>> Hormis les zones autoris\u00e9es (marquages au sol), les poussettes doivent \u00eatre pli\u00e9es. L\u2019enfant dans la poussette doit \u00eatre correctement attach\u00e9 et le frein enclench\u00e9,<br>> Il est strictement interdit de faire usage d\u2019appareils sonores dans les v\u00e9hicules (musique de portable notamment).<\/p>\n<\/div>\n<\/div>\n<\/div>\n\n\n\n<div class=\"wp-block-column is-layout-flow\">\n<h5 class=\"wp-block-heading\"><mark style=\"background-color:rgba(0, 0, 0, 0);color:#993467\" class=\"has-inline-color\">POUR VOTRE SECURITE &amp; CELLE DES VOYAGEURS<\/mark><\/h5>\n\n\n\n<p>> Le transport de produits inflammables ou dangereux est interdit ainsi que les objets encombrants,<br>> Les rollers sont interdits \u00e0 l&rsquo;int\u00e9rieur du bus.<br>> Les trottinettes pli\u00e9es, les v\u00e9los pli\u00e9s, les draisiennes pli\u00e9es sont autoris\u00e9es (toutefois en cas d&rsquo;affluence, l&rsquo;acc\u00e8s peut \u00eatre refus\u00e9),<br>> Occupez les places assises disponibles et tenez-vous aux barres si vous voyagez debout,<br>> Ne stationnez pas pr\u00e8s du poste de conduite, il est interdit de parler au conducteur pendant le trajet, sauf n\u00e9cessit\u00e9,<br>> Les chiens musel\u00e9s et tenus en laisse sont tol\u00e9r\u00e9s ainsi que les petits animaux plac\u00e9s dans un panier.<\/p>\n<\/div>\n<\/div>\n\n\n\n<div class=\"wp-block-columns is-layout-flex wp-container-34\">\n<div class=\"wp-block-column is-layout-flow\">\n<div class=\"wp-block-columns is-layout-flex wp-container-16\">\n<div class=\"wp-block-column is-layout-flow\">\n<div class=\"wp-block-columns is-layout-flex wp-container-9\">\n<div class=\"wp-block-column is-layout-flow\">\n<figure class=\"wp-block-image size-large\"><img decoding=\"async\" loading=\"lazy\" width=\"230\" height=\"185\" src=\"https:\/\/sitac.transdev-hdf.fr\/wp-content\/uploads\/2020\/10\/Logo-Tabac-Interdit-1.png\" alt=\"\" class=\"wp-image-3424\"\/><\/figure>\n<\/div>\n\n\n\n<div class=\"wp-block-column is-layout-flow\">\n<figure class=\"wp-block-image size-large\"><img decoding=\"async\" loading=\"lazy\" width=\"235\" height=\"176\" src=\"https:\/\/sitac.transdev-hdf.fr\/wp-content\/uploads\/2020\/10\/Logo-Poussette-1.png\" alt=\"\" class=\"wp-image-3425\"\/><\/figure>\n<\/div>\n\n\n\n<div class=\"wp-block-column is-layout-flow\">\n<figure class=\"wp-block-image size-large\"><img decoding=\"async\" loading=\"lazy\" width=\"231\" height=\"181\" src=\"https:\/\/sitac.transdev-hdf.fr\/wp-content\/uploads\/2020\/10\/Logo-Telephone.png\" alt=\"\" class=\"wp-image-3426\"\/><\/figure>\n<\/div>\n<\/div>\n<\/div>\n\n\n\n<div class=\"wp-block-column is-layout-flow\">\n<div class=\"wp-block-columns is-layout-flex wp-container-14\">\n<div class=\"wp-block-column is-layout-flow\">\n<figure class=\"wp-block-image size-large\"><img decoding=\"async\" loading=\"lazy\" width=\"238\" height=\"184\" src=\"https:\/\/sitac.transdev-hdf.fr\/wp-content\/uploads\/2020\/10\/Logo-Produits-Inflammables-Interdits.png\" alt=\"\" class=\"wp-image-3427\"\/><\/figure>\n<\/div>\n\n\n\n<div class=\"wp-block-column is-layout-flow\">\n<figure class=\"wp-block-image size-large\"><img decoding=\"async\" loading=\"lazy\" width=\"230\" height=\"181\" src=\"https:\/\/sitac.transdev-hdf.fr\/wp-content\/uploads\/2020\/10\/Logo-Rollers-Interdits.png\" alt=\"\" class=\"wp-image-3428\"\/><\/figure>\n<\/div>\n\n\n\n<div class=\"wp-block-column is-layout-flow\">\n<figure class=\"wp-block-image size-large\"><img decoding=\"async\" loading=\"lazy\" width=\"229\" height=\"180\" src=\"https:\/\/sitac.transdev-hdf.fr\/wp-content\/uploads\/2020\/10\/Logo-Chien-Tenu-en-Laisse.png\" alt=\"\" class=\"wp-image-3429\"\/><\/figure>\n<\/div>\n<\/div>\n<\/div>\n<\/div>\n\n\n\n<div class=\"wp-block-columns is-layout-flex wp-container-32\">\n<div class=\"wp-block-column is-layout-flow\">\n<div class=\"wp-block-columns is-layout-flex wp-container-19\">\n<div class=\"wp-block-column is-layout-flow\">\n<figure class=\"wp-block-image size-large\"><img decoding=\"async\" loading=\"lazy\" width=\"311\" height=\"257\" src=\"https:\/\/sitac.transdev-hdf.fr\/wp-content\/uploads\/2020\/10\/Logo-Faites-Signe.png\" alt=\"\" class=\"wp-image-3432\" srcset=\"https:\/\/sitac.transdev-hdf.fr\/wp-content\/uploads\/2020\/10\/Logo-Faites-Signe.png 311w, https:\/\/sitac.transdev-hdf.fr\/wp-content\/uploads\/2020\/10\/Logo-Faites-Signe-300x248.png 300w\" sizes=\"(max-width: 311px) 100vw, 311px\" \/><\/figure>\n<\/div>\n\n\n\n<div class=\"wp-block-column is-layout-flow\">\n<h2 class=\"wp-block-heading has-text-align-center\"><mark style=\"background-color:rgba(0, 0, 0, 0);color:#993467\" class=\"has-inline-color\">1.<\/mark><\/h2>\n\n\n\n<p class=\"has-text-align-left\">A l\u2019approche du bus faites signe au conducteur !<\/p>\n<\/div>\n<\/div>\n\n\n\n<div class=\"wp-block-columns is-layout-flex wp-container-22\">\n<div class=\"wp-block-column is-layout-flow\">\n<figure class=\"wp-block-image size-large\"><img decoding=\"async\" loading=\"lazy\" width=\"321\" height=\"438\" src=\"https:\/\/sitac.transdev-hdf.fr\/wp-content\/uploads\/2020\/10\/Logo-Montee-Milieu.png\" alt=\"\" class=\"wp-image-3434\" srcset=\"https:\/\/sitac.transdev-hdf.fr\/wp-content\/uploads\/2020\/10\/Logo-Montee-Milieu.png 321w, https:\/\/sitac.transdev-hdf.fr\/wp-content\/uploads\/2020\/10\/Logo-Montee-Milieu-220x300.png 220w\" sizes=\"(max-width: 321px) 100vw, 321px\" \/><\/figure>\n<\/div>\n\n\n\n<div class=\"wp-block-column is-layout-flow\">\n<h2 class=\"wp-block-heading has-text-align-center\"><mark style=\"background-color:rgba(0, 0, 0, 0);color:#993467\" class=\"has-inline-color\">2.<\/mark><\/h2>\n\n\n\n<p class=\"has-text-align-left\">Montez par la porte du milieu et laissez la priorit\u00e9 aux voyageurs descendants !<\/p>\n<\/div>\n<\/div>\n<\/div>\n\n\n\n<div class=\"wp-block-column is-layout-flow\">\n<div class=\"wp-block-columns is-layout-flex wp-container-26\">\n<div class=\"wp-block-column is-layout-flow\">\n<figure class=\"wp-block-image size-large\"><img decoding=\"async\" loading=\"lazy\" width=\"297\" height=\"417\" src=\"https:\/\/sitac.transdev-hdf.fr\/wp-content\/uploads\/2020\/10\/Logo-Descente-Arriere.png\" alt=\"\" class=\"wp-image-3437\" srcset=\"https:\/\/sitac.transdev-hdf.fr\/wp-content\/uploads\/2020\/10\/Logo-Descente-Arriere.png 297w, https:\/\/sitac.transdev-hdf.fr\/wp-content\/uploads\/2020\/10\/Logo-Descente-Arriere-214x300.png 214w\" sizes=\"(max-width: 297px) 100vw, 297px\" \/><\/figure>\n<\/div>\n\n\n\n<div class=\"wp-block-column is-layout-flow\">\n<h2 class=\"wp-block-heading has-text-align-center\"><mark style=\"background-color:rgba(0, 0, 0, 0);color:#993467\" class=\"has-inline-color\">3.<\/mark><\/h2>\n\n\n\n<p class=\"has-text-align-left\">Descendez par la porte arri\u00e8re uniquement !<\/p>\n<\/div>\n<\/div>\n\n\n\n<div class=\"wp-block-columns is-layout-flex wp-container-29\">\n<div class=\"wp-block-column is-layout-flow\">\n<figure class=\"wp-block-image size-large\"><img decoding=\"async\" loading=\"lazy\" width=\"290\" height=\"244\" src=\"https:\/\/sitac.transdev-hdf.fr\/wp-content\/uploads\/2020\/10\/Logo-Arret-Demande.png\" alt=\"\" class=\"wp-image-3438\"\/><\/figure>\n<\/div>\n\n\n\n<div class=\"wp-block-column is-layout-flow\">\n<h2 class=\"wp-block-heading has-text-align-center\"><mark style=\"background-color:rgba(0, 0, 0, 0);color:#993467\" class=\"has-inline-color\">4.<\/mark><\/h2>\n\n\n\n<p class=\"has-text-align-left\">Si vous arrivez \u00e0 destination, signalez-le au conducteur en appuyant sur le bouton \u00ab\u00a0arr\u00eat demand\u00e9\u00a0\u00bb.<\/p>\n<\/div>\n<\/div>\n<\/div>\n\n\n\n<div class=\"wp-block-column is-layout-flow\">\n<figure class=\"wp-block-image size-large\"><img decoding=\"async\" loading=\"lazy\" width=\"354\" height=\"294\" src=\"https:\/\/sitac.transdev-hdf.fr\/wp-content\/uploads\/2020\/10\/Logo-Soyez-Courtois.png\" alt=\"\" class=\"wp-image-3440\" srcset=\"https:\/\/sitac.transdev-hdf.fr\/wp-content\/uploads\/2020\/10\/Logo-Soyez-Courtois.png 354w, https:\/\/sitac.transdev-hdf.fr\/wp-content\/uploads\/2020\/10\/Logo-Soyez-Courtois-300x249.png 300w\" sizes=\"(max-width: 354px) 100vw, 354px\" \/><\/figure>\n\n\n\n<h5 class=\"wp-block-heading\"><mark style=\"background-color:rgba(0, 0, 0, 0);color:#993467\" class=\"has-inline-color\">ET SURTOUT<\/mark><\/h5>\n\n\n\n<p>Soyez courtois, pensez \u00e0 laisser votre place assise \u00e0 ceux qui en ont le plus besoin.<\/p>\n<\/div>\n<\/div>\n<\/div>\n<\/div>\n","protected":false},"excerpt":{"rendered":"<p>RESPECTEZ VOTRE ENVIRONNEMENT > Il est strictement interdit de fumer \u00e0 bord, de vapoter et de consommer de l\u2019alcool ou autres produits illicites,> N\u2019utilisez pas les si\u00e8ges comme repose pieds,> Hormis les zones autoris\u00e9es (marquages au sol), les poussettes doivent \u00eatre pli\u00e9es. L\u2019enfant dans la poussette doit \u00eatre correctement attach\u00e9 et le frein enclench\u00e9,> Il &hellip; <\/p>\n<p class=\"link-more\"><a href=\"https:\/\/sitac.transdev-hdf.fr\/index.php\/se-deplacer\/regles-dusage\/\" class=\"more-link\">Continuer la lecture <span class=\"screen-reader-text\"> \u00ab\u00a0R\u00e8gles d\u2019usage\u00a0\u00bb<\/span><\/a><\/p>\n","protected":false},"author":1,"featured_media":0,"parent":6370,"menu_order":2,"comment_status":"closed","ping_status":"closed","template":"","meta":{"_expiration-date-status":"","_expiration-date":0,"_expiration-date-type":"","_expiration-date-categories":[],"_expiration-date-options":[]},"_links":{"self":[{"href":"https:\/\/sitac.transdev-hdf.fr\/index.php\/wp-json\/wp\/v2\/pages\/3016"}],"collection":[{"href":"https:\/\/sitac.transdev-hdf.fr\/index.php\/wp-json\/wp\/v2\/pages"}],"about":[{"href":"https:\/\/sitac.transdev-hdf.fr\/index.php\/wp-json\/wp\/v2\/types\/page"}],"author":[{"embeddable":true,"href":"https:\/\/sitac.transdev-hdf.fr\/index.php\/wp-json\/wp\/v2\/users\/1"}],"replies":[{"embeddable":true,"href":"https:\/\/sitac.transdev-hdf.fr\/index.php\/wp-json\/wp\/v2\/comments?post=3016"}],"version-history":[{"count":42,"href":"https:\/\/sitac.transdev-hdf.fr\/index.php\/wp-json\/wp\/v2\/pages\/3016\/revisions"}],"predecessor-version":[{"id":6946,"href":"https:\/\/sitac.transdev-hdf.fr\/index.php\/wp-json\/wp\/v2\/pages\/3016\/revisions\/6946"}],"up":[{"embeddable":true,"href":"https:\/\/sitac.transdev-hdf.fr\/index.php\/wp-json\/wp\/v2\/pages\/6370"}],"wp:attachment":[{"href":"https:\/\/sitac.transdev-hdf.fr\/index.php\/wp-json\/wp\/v2\/media?parent=3016"}],"curies":[{"name":"wp","href":"https:\/\/api.w.org\/{rel}","templated":true}]}}