{"id":3466,"date":"2020-10-13T15:05:57","date_gmt":"2020-10-13T15:05:57","guid":{"rendered":"https:\/\/sitac.transdev-hdf.fr\/?page_id=3466"},"modified":"2022-01-06T08:49:27","modified_gmt":"2022-01-06T08:49:27","slug":"espace-vivabus","status":"publish","type":"page","link":"https:\/\/sitac.transdev-hdf.fr\/index.php\/espace-vivabus\/","title":{"rendered":"Espace Vivabus"},"content":{"rendered":"\n<figure class=\"wp-block-image alignwide size-large\"><img decoding=\"async\" loading=\"lazy\" width=\"1024\" height=\"271\" src=\"https:\/\/sitac.transdev-hdf.fr\/wp-content\/uploads\/2020\/10\/RubriqueEspaceVivabus-SiteSEPTEMBRE2020-NEWVERSION-COB-01-1024x271.png\" alt=\"\" class=\"wp-image-3694\" srcset=\"https:\/\/sitac.transdev-hdf.fr\/wp-content\/uploads\/2020\/10\/RubriqueEspaceVivabus-SiteSEPTEMBRE2020-NEWVERSION-COB-01-1024x271.png 1024w, https:\/\/sitac.transdev-hdf.fr\/wp-content\/uploads\/2020\/10\/RubriqueEspaceVivabus-SiteSEPTEMBRE2020-NEWVERSION-COB-01-300x79.png 300w, https:\/\/sitac.transdev-hdf.fr\/wp-content\/uploads\/2020\/10\/RubriqueEspaceVivabus-SiteSEPTEMBRE2020-NEWVERSION-COB-01-768x203.png 768w, https:\/\/sitac.transdev-hdf.fr\/wp-content\/uploads\/2020\/10\/RubriqueEspaceVivabus-SiteSEPTEMBRE2020-NEWVERSION-COB-01-1536x406.png 1536w, https:\/\/sitac.transdev-hdf.fr\/wp-content\/uploads\/2020\/10\/RubriqueEspaceVivabus-SiteSEPTEMBRE2020-NEWVERSION-COB-01-1568x415.png 1568w, https:\/\/sitac.transdev-hdf.fr\/wp-content\/uploads\/2020\/10\/RubriqueEspaceVivabus-SiteSEPTEMBRE2020-NEWVERSION-COB-01.png 1693w\" sizes=\"(max-width: 1024px) 100vw, 1024px\" \/><\/figure>\n\n\n\n<p><strong><span style=\"color:#993467\" class=\"has-inline-color\">L\u2019espace VIVABUS<\/span><\/strong>, une agence visible, accueillante et attractive : l\u2019image de marque du r\u00e9seau Imag\u2019in&nbsp;<br><br>Ce \u00ab&nbsp;point information&nbsp;\u00bb du r\u00e9seau est situ\u00e9 dans la galerie marchande de Calais C\u0153ur de Vie, \u00e0 quelques m\u00e8tres de la gare routi\u00e8re du Th\u00e9\u00e2tre, sur l\u2019axe le plus emprunt\u00e9 par les bus. Il permet d\u2019asseoir et de d\u00e9velopper l\u2019image du r\u00e9seau du SITAC au c\u0153ur de l\u2019agglom\u00e9ration et de r\u00e9pondre avec convivialit\u00e9 et efficacit\u00e9 \u00e0 toutes les demandes du public, utilisateur ou futur utilisateur des transports urbains.&nbsp;<br><br>Les agents commerciaux vous accueillent pour vous informer sur vos trajets, horaires, abonnements v\u00e9los, \u2026.&nbsp;<br>Des guides bus et des plans du r\u00e9seau sont \u00e9galement \u00e0 votre disposition.&nbsp;<br><\/p>\n\n\n\n<div style=\"height:20px\" aria-hidden=\"true\" class=\"wp-block-spacer\"><\/div>\n\n\n\n<p><span style=\"color:#993467\" class=\"has-inline-color\">L\u2019Espace VIVABUS<\/span> est situ\u00e9 \u00e0 Calais Coeur de Vie (boulevard Jacquard)&nbsp;<\/p>\n\n\n\n<figure class=\"wp-block-gallery columns-2 is-cropped wp-block-gallery-1 is-layout-flex\"><ul class=\"blocks-gallery-grid\"><li class=\"blocks-gallery-item\"><figure><img decoding=\"async\" loading=\"lazy\" width=\"750\" height=\"350\" src=\"https:\/\/sitac.transdev-hdf.fr\/wp-content\/uploads\/2020\/10\/CALAIS-PROMOTION_COEURdeVILLE_0914_07_opt.jpg\" alt=\"\" data-id=\"3718\" data-full-url=\"https:\/\/sitac.transdev-hdf.fr\/wp-content\/uploads\/2020\/10\/CALAIS-PROMOTION_COEURdeVILLE_0914_07_opt.jpg\" data-link=\"https:\/\/sitac.transdev-hdf.fr\/index.php\/espace-vivabus\/calais-promotion_coeurdeville_0914_07_opt\/\" class=\"wp-image-3718\" srcset=\"https:\/\/sitac.transdev-hdf.fr\/wp-content\/uploads\/2020\/10\/CALAIS-PROMOTION_COEURdeVILLE_0914_07_opt.jpg 750w, https:\/\/sitac.transdev-hdf.fr\/wp-content\/uploads\/2020\/10\/CALAIS-PROMOTION_COEURdeVILLE_0914_07_opt-300x140.jpg 300w\" sizes=\"(max-width: 750px) 100vw, 750px\" \/><\/figure><\/li><li class=\"blocks-gallery-item\"><figure><img decoding=\"async\" loading=\"lazy\" width=\"1024\" height=\"685\" src=\"https:\/\/sitac.transdev-hdf.fr\/wp-content\/uploads\/2020\/10\/DSC04378-1024x685.jpg\" alt=\"\" data-id=\"3719\" data-full-url=\"https:\/\/sitac.transdev-hdf.fr\/wp-content\/uploads\/2020\/10\/DSC04378-scaled.jpg\" data-link=\"https:\/\/sitac.transdev-hdf.fr\/index.php\/espace-vivabus\/sony-dsc\/\" class=\"wp-image-3719\" srcset=\"https:\/\/sitac.transdev-hdf.fr\/wp-content\/uploads\/2020\/10\/DSC04378-1024x685.jpg 1024w, https:\/\/sitac.transdev-hdf.fr\/wp-content\/uploads\/2020\/10\/DSC04378-300x201.jpg 300w, https:\/\/sitac.transdev-hdf.fr\/wp-content\/uploads\/2020\/10\/DSC04378-768x514.jpg 768w, https:\/\/sitac.transdev-hdf.fr\/wp-content\/uploads\/2020\/10\/DSC04378-1536x1028.jpg 1536w, https:\/\/sitac.transdev-hdf.fr\/wp-content\/uploads\/2020\/10\/DSC04378-2048x1371.jpg 2048w, https:\/\/sitac.transdev-hdf.fr\/wp-content\/uploads\/2020\/10\/DSC04378-1568x1050.jpg 1568w\" sizes=\"(max-width: 1024px) 100vw, 1024px\" \/><\/figure><\/li><\/ul><\/figure>\n\n\n\n<div class=\"wp-block-columns is-layout-flex wp-container-5\">\n<div class=\"wp-block-column is-layout-flow\">\n<p class=\"has-text-align-center\"><strong><span style=\"color:#993467\" class=\"has-inline-color\">T\u00e9l\u00e9phone&nbsp;:&nbsp;<\/span><\/strong><br>03 21 19 72 72&nbsp;<\/p>\n<\/div>\n\n\n\n<div class=\"wp-block-column is-layout-flow\">\n<p class=\"has-text-align-center\"><strong><span style=\"color:#993467\" class=\"has-inline-color\">Horaires\u00a0:\u00a0<\/span><\/strong><br>lundi &#8211; mardi &#8211; jeudi &#8211; vendredi 9h-12h \/ 14h-18h\u00a0<br>le mercredi : 9h-12h\u00a0<\/p>\n<\/div>\n<\/div>\n\n\n\n<div class=\"wp-block-buttons aligncenter is-layout-flex\">\n<div class=\"wp-block-button is-style-fill\"><a class=\"wp-block-button__link has-background\" href=\"contact.php\" style=\"background-color:#993467\"><strong>Contactez-nous<\/strong><\/a><\/div>\n<\/div>\n\n\n\n<p class=\"has-text-align-left\"><\/p>\n","protected":false},"excerpt":{"rendered":"<p>L\u2019espace VIVABUS, une agence visible, accueillante et attractive : l\u2019image de marque du r\u00e9seau Imag\u2019in&nbsp; Ce \u00ab&nbsp;point information&nbsp;\u00bb du r\u00e9seau est situ\u00e9 dans la galerie marchande de Calais C\u0153ur de Vie, \u00e0 quelques m\u00e8tres de la gare routi\u00e8re du Th\u00e9\u00e2tre, sur l\u2019axe le plus emprunt\u00e9 par les bus. Il permet d\u2019asseoir et de d\u00e9velopper l\u2019image &hellip; <\/p>\n<p class=\"link-more\"><a href=\"https:\/\/sitac.transdev-hdf.fr\/index.php\/espace-vivabus\/\" class=\"more-link\">Continuer la lecture <span class=\"screen-reader-text\"> \u00ab\u00a0Espace Vivabus\u00a0\u00bb<\/span><\/a><\/p>\n","protected":false},"author":1,"featured_media":0,"parent":0,"menu_order":0,"comment_status":"closed","ping_status":"closed","template":"","meta":{"_expiration-date-status":"","_expiration-date":0,"_expiration-date-type":"","_expiration-date-categories":[],"_expiration-date-options":[]},"_links":{"self":[{"href":"https:\/\/sitac.transdev-hdf.fr\/index.php\/wp-json\/wp\/v2\/pages\/3466"}],"collection":[{"href":"https:\/\/sitac.transdev-hdf.fr\/index.php\/wp-json\/wp\/v2\/pages"}],"about":[{"href":"https:\/\/sitac.transdev-hdf.fr\/index.php\/wp-json\/wp\/v2\/types\/page"}],"author":[{"embeddable":true,"href":"https:\/\/sitac.transdev-hdf.fr\/index.php\/wp-json\/wp\/v2\/users\/1"}],"replies":[{"embeddable":true,"href":"https:\/\/sitac.transdev-hdf.fr\/index.php\/wp-json\/wp\/v2\/comments?post=3466"}],"version-history":[{"count":20,"href":"https:\/\/sitac.transdev-hdf.fr\/index.php\/wp-json\/wp\/v2\/pages\/3466\/revisions"}],"predecessor-version":[{"id":4781,"href":"https:\/\/sitac.transdev-hdf.fr\/index.php\/wp-json\/wp\/v2\/pages\/3466\/revisions\/4781"}],"wp:attachment":[{"href":"https:\/\/sitac.transdev-hdf.fr\/index.php\/wp-json\/wp\/v2\/media?parent=3466"}],"curies":[{"name":"wp","href":"https:\/\/api.w.org\/{rel}","templated":true}]}}