{"id":5270,"date":"2022-06-29T13:16:07","date_gmt":"2022-06-29T13:16:07","guid":{"rendered":"https:\/\/sitac.transdev-hdf.fr\/?page_id=5270"},"modified":"2022-06-30T12:54:54","modified_gmt":"2022-06-30T12:54:54","slug":"lapplication-mobile","status":"publish","type":"page","link":"https:\/\/sitac.transdev-hdf.fr\/index.php\/divers\/lapplication-mobile\/","title":{"rendered":"L&rsquo;application Mobile"},"content":{"rendered":"\n<p>Vous pouvez t\u00e9l\u00e9charger L&rsquo;application sur votre store :<\/p>\n\n\n\n<div class=\"wp-block-columns is-layout-flex wp-container-3\">\n<div class=\"wp-block-column is-layout-flow\">\n<figure class=\"wp-block-image size-large\"><a href=\"https:\/\/play.google.com\/store\/apps\/details?id=com.transdev.sitac\"><img decoding=\"async\" loading=\"lazy\" width=\"356\" height=\"124\" src=\"https:\/\/sitac.transdev-hdf.fr\/wp-content\/uploads\/2022\/06\/Google.jpg\" alt=\"\" class=\"wp-image-5303\" srcset=\"https:\/\/sitac.transdev-hdf.fr\/wp-content\/uploads\/2022\/06\/Google.jpg 356w, https:\/\/sitac.transdev-hdf.fr\/wp-content\/uploads\/2022\/06\/Google-300x104.jpg 300w\" sizes=\"(max-width: 356px) 100vw, 356px\" \/><\/a><\/figure>\n<\/div>\n\n\n\n<div class=\"wp-block-column is-layout-flow\">\n<figure class=\"wp-block-image size-large\"><a href=\"https:\/\/apps.apple.com\/fr\/app\/imagin\/id1631349170\"><img decoding=\"async\" loading=\"lazy\" width=\"366\" height=\"119\" src=\"https:\/\/sitac.transdev-hdf.fr\/wp-content\/uploads\/2022\/06\/Apple.jpg\" alt=\"\" class=\"wp-image-5304\" srcset=\"https:\/\/sitac.transdev-hdf.fr\/wp-content\/uploads\/2022\/06\/Apple.jpg 366w, https:\/\/sitac.transdev-hdf.fr\/wp-content\/uploads\/2022\/06\/Apple-300x98.jpg 300w\" sizes=\"(max-width: 366px) 100vw, 366px\" \/><\/a><\/figure>\n<\/div>\n<\/div>\n\n\n\n<p><span style=\"color:#993467\" class=\"has-inline-color\"><strong>Vous retrouverez sur cette application :<\/strong><\/span><\/p>\n\n\n\n<ul><li>Un module temps r\u00e9el en page d\u2019accueil<\/li><li>Une gestion de vos arr\u00eats favoris<\/li><li>Le d\u00e9tail de la course en cliquant sur un horaire temps r\u00e9el<\/li><li>La possibilit\u00e9 de s\u00e9lectionner une position sur la carte pour un calcul d\u2019itin\u00e9raire<\/li><li>Le d\u00e9tail de vos d\u00e9viations .<\/li><li>Obtenez la disponibilit\u00e9 des v\u00e9los en libre-service Vel&rsquo;in&nbsp;<\/li><\/ul>\n\n\n\n<hr class=\"wp-block-separator is-style-dots\"\/>\n\n\n\n<h4 class=\"has-text-align-left wp-block-heading\"><strong><span style=\"color:#993467\" class=\"has-inline-color\">Vos arr\u00eats favoris&nbsp;:<\/span><\/strong><\/h4>\n\n\n\n<figure class=\"wp-block-gallery columns-3 is-cropped wp-block-gallery-4 is-layout-flex\"><ul class=\"blocks-gallery-grid\"><li class=\"blocks-gallery-item\"><figure><img decoding=\"async\" loading=\"lazy\" width=\"327\" height=\"663\" src=\"https:\/\/sitac.transdev-hdf.fr\/wp-content\/uploads\/2022\/06\/1-1.png\" alt=\"\" data-id=\"5274\" data-full-url=\"https:\/\/sitac.transdev-hdf.fr\/wp-content\/uploads\/2022\/06\/1-1.png\" data-link=\"https:\/\/sitac.transdev-hdf.fr\/index.php\/divers\/lapplication-mobile\/1-1-2\/\" class=\"wp-image-5274\" srcset=\"https:\/\/sitac.transdev-hdf.fr\/wp-content\/uploads\/2022\/06\/1-1.png 327w, https:\/\/sitac.transdev-hdf.fr\/wp-content\/uploads\/2022\/06\/1-1-148x300.png 148w\" sizes=\"(max-width: 327px) 100vw, 327px\" \/><figcaption class=\"blocks-gallery-item__caption\"><strong><span style=\"color:#f4060a\" class=\"has-inline-color\">1<\/span><\/strong><\/figcaption><\/figure><\/li><li class=\"blocks-gallery-item\"><figure><img decoding=\"async\" loading=\"lazy\" width=\"326\" height=\"651\" src=\"https:\/\/sitac.transdev-hdf.fr\/wp-content\/uploads\/2022\/06\/2.png\" alt=\"\" data-id=\"5275\" data-full-url=\"https:\/\/sitac.transdev-hdf.fr\/wp-content\/uploads\/2022\/06\/2.png\" data-link=\"https:\/\/sitac.transdev-hdf.fr\/index.php\/divers\/lapplication-mobile\/2-2\/\" class=\"wp-image-5275\" srcset=\"https:\/\/sitac.transdev-hdf.fr\/wp-content\/uploads\/2022\/06\/2.png 326w, https:\/\/sitac.transdev-hdf.fr\/wp-content\/uploads\/2022\/06\/2-150x300.png 150w\" sizes=\"(max-width: 326px) 100vw, 326px\" \/><figcaption class=\"blocks-gallery-item__caption\"><strong><span style=\"color:#f4060a\" class=\"has-inline-color\">2<\/span><\/strong><\/figcaption><\/figure><\/li><li class=\"blocks-gallery-item\"><figure><img decoding=\"async\" loading=\"lazy\" width=\"327\" height=\"652\" src=\"https:\/\/sitac.transdev-hdf.fr\/wp-content\/uploads\/2022\/06\/3.png\" alt=\"\" data-id=\"5276\" data-full-url=\"https:\/\/sitac.transdev-hdf.fr\/wp-content\/uploads\/2022\/06\/3.png\" data-link=\"https:\/\/sitac.transdev-hdf.fr\/index.php\/divers\/lapplication-mobile\/3-2\/\" class=\"wp-image-5276\" srcset=\"https:\/\/sitac.transdev-hdf.fr\/wp-content\/uploads\/2022\/06\/3.png 327w, https:\/\/sitac.transdev-hdf.fr\/wp-content\/uploads\/2022\/06\/3-150x300.png 150w\" sizes=\"(max-width: 327px) 100vw, 327px\" \/><figcaption class=\"blocks-gallery-item__caption\"><strong><span style=\"color:#f4060a\" class=\"has-inline-color\">3<\/span><\/strong><\/figcaption><\/figure><\/li><\/ul><\/figure>\n\n\n\n<p><strong><span style=\"color:#f4060a\" class=\"has-inline-color\">1<\/span><\/strong> &#8211; Page d\u2019accueil&nbsp;: l\u2019application d\u00e9tecte votre position et vous affiche l\u2019arr\u00eat le plus proche par rapport \u00e0 votre g\u00e9olocalisation. Les passages des lignes en temps r\u00e9el s\u2019affichent en dessous.<br>Vous avez \u00e9galement la possibilit\u00e9 de forcer votre localisation, en cliquant au niveau du bouton \u00ab\u00a0localisation\u00a0\u00bb ou choisir l\u2019arr\u00eat manuellement.<\/p>\n\n\n\n<p><strong> <span style=\"color:#f4060a\" class=\"has-inline-color\">2<\/span><\/strong> &#8211; Pour choisir l\u2019arr\u00eat manuellement&nbsp;: cliquez sur l\u2019ic\u00f4ne \u00ab&nbsp;+&nbsp;\u00bb .<br>En exemple sur l\u2019image&nbsp;:  arr\u00eats Alhambra, Centre Bus, Four a Chaud et Gare en favoris.<\/p>\n\n\n\n<p><strong><span style=\"color:#f4060a\" class=\"has-inline-color\">3<\/span><\/strong> &#8211; Cochez sur l\u2019\u00e9toile \u00e0 c\u00f4t\u00e9 de l\u2019arr\u00eat voulu  pour l&rsquo;ajouter \u00e0 vos favoris.<br>Vos arr\u00eats sont donc retenus en favoris (image pr\u00e9c\u00e9dente). Pour les retirer, il suffit de cliquer \u00e0 nouveau sur l\u2019\u00e9toile \u00e0 c\u00f4t\u00e9 de l\u2019arr\u00eat<\/p>\n\n\n\n<hr class=\"wp-block-separator is-style-dots\"\/>\n\n\n\n<h4 class=\"wp-block-heading\"><strong><span style=\"color:#993467\" class=\"has-inline-color\">Votre information en temps r\u00e9el&nbsp;:<\/span><\/strong><\/h4>\n\n\n\n<figure class=\"wp-block-gallery columns-3 is-cropped wp-block-gallery-6 is-layout-flex\"><ul class=\"blocks-gallery-grid\"><li class=\"blocks-gallery-item\"><figure><img decoding=\"async\" loading=\"lazy\" width=\"327\" height=\"654\" src=\"https:\/\/sitac.transdev-hdf.fr\/wp-content\/uploads\/2022\/06\/4.png\" alt=\"\" data-id=\"5277\" data-full-url=\"https:\/\/sitac.transdev-hdf.fr\/wp-content\/uploads\/2022\/06\/4.png\" data-link=\"https:\/\/sitac.transdev-hdf.fr\/index.php\/divers\/lapplication-mobile\/4-2\/\" class=\"wp-image-5277\" srcset=\"https:\/\/sitac.transdev-hdf.fr\/wp-content\/uploads\/2022\/06\/4.png 327w, https:\/\/sitac.transdev-hdf.fr\/wp-content\/uploads\/2022\/06\/4-150x300.png 150w\" sizes=\"(max-width: 327px) 100vw, 327px\" \/><figcaption class=\"blocks-gallery-item__caption\"><strong><span style=\"color:#f4060a\" class=\"has-inline-color\">4<\/span><\/strong><\/figcaption><\/figure><\/li><li class=\"blocks-gallery-item\"><figure><img decoding=\"async\" loading=\"lazy\" width=\"328\" height=\"655\" src=\"https:\/\/sitac.transdev-hdf.fr\/wp-content\/uploads\/2022\/06\/5.png\" alt=\"\" data-id=\"5278\" data-full-url=\"https:\/\/sitac.transdev-hdf.fr\/wp-content\/uploads\/2022\/06\/5.png\" data-link=\"https:\/\/sitac.transdev-hdf.fr\/index.php\/divers\/lapplication-mobile\/attachment\/5\/\" class=\"wp-image-5278\" srcset=\"https:\/\/sitac.transdev-hdf.fr\/wp-content\/uploads\/2022\/06\/5.png 328w, https:\/\/sitac.transdev-hdf.fr\/wp-content\/uploads\/2022\/06\/5-150x300.png 150w\" sizes=\"(max-width: 328px) 100vw, 328px\" \/><figcaption class=\"blocks-gallery-item__caption\"><strong><span style=\"color:#f4060a\" class=\"has-inline-color\">5<\/span><\/strong><\/figcaption><\/figure><\/li><li class=\"blocks-gallery-item\"><figure><img decoding=\"async\" loading=\"lazy\" width=\"326\" height=\"655\" src=\"https:\/\/sitac.transdev-hdf.fr\/wp-content\/uploads\/2022\/06\/6.png\" alt=\"\" data-id=\"5279\" data-full-url=\"https:\/\/sitac.transdev-hdf.fr\/wp-content\/uploads\/2022\/06\/6.png\" data-link=\"https:\/\/sitac.transdev-hdf.fr\/index.php\/divers\/lapplication-mobile\/attachment\/6\/\" class=\"wp-image-5279\" srcset=\"https:\/\/sitac.transdev-hdf.fr\/wp-content\/uploads\/2022\/06\/6.png 326w, https:\/\/sitac.transdev-hdf.fr\/wp-content\/uploads\/2022\/06\/6-149x300.png 149w\" sizes=\"(max-width: 326px) 100vw, 326px\" \/><figcaption class=\"blocks-gallery-item__caption\"><strong><span style=\"color:#f4060a\" class=\"has-inline-color\">6<\/span><\/strong><br><\/figcaption><\/figure><\/li><\/ul><\/figure>\n\n\n\n<p><strong><span style=\"color:#f4060a\" class=\"has-inline-color\">4<\/span><\/strong> &#8211; L\u2019application vous donne les premiers passages en temps r\u00e9el \u00e0 l\u2019arr\u00eat localis\u00e9 ou a l&rsquo;arr\u00eat choisi. Pour visualiser TOUS les passages en temps r\u00e9el \u00e0 l\u2019arr\u00eat, cliquez sur \u00ab&nbsp;Afficher tous les horaires&nbsp;\u00bb.<\/p>\n\n\n\n<p><strong><span style=\"color:#f4060a\" class=\"has-inline-color\">5<\/span><\/strong> &#8211; Pour connaitre le trajet et l\u2019heure d\u2019arriv\u00e9e, cliquez sur la ligne et la direction de votre choix.<\/p>\n\n\n\n<p><strong><span style=\"color:#f4060a\" class=\"has-inline-color\">6<\/span><\/strong> &#8211; Le d\u00e9tail de la course s\u2019affiche avec l\u2019heure d\u2019arriv\u00e9e aux arr\u00eats.<\/p>\n\n\n\n<hr class=\"wp-block-separator is-style-dots\"\/>\n\n\n\n<h4 class=\"wp-block-heading\"><span style=\"color:#993467\" class=\"has-inline-color\">Votre calcul d\u2019itin\u00e9raire&nbsp;:<\/span><\/h4>\n\n\n\n<figure class=\"wp-block-gallery columns-4 is-cropped wp-block-gallery-8 is-layout-flex\"><ul class=\"blocks-gallery-grid\"><li class=\"blocks-gallery-item\"><figure><img decoding=\"async\" loading=\"lazy\" width=\"328\" height=\"661\" src=\"https:\/\/sitac.transdev-hdf.fr\/wp-content\/uploads\/2022\/06\/7.png\" alt=\"\" data-id=\"5282\" data-full-url=\"https:\/\/sitac.transdev-hdf.fr\/wp-content\/uploads\/2022\/06\/7.png\" data-link=\"https:\/\/sitac.transdev-hdf.fr\/index.php\/divers\/lapplication-mobile\/attachment\/7\/\" class=\"wp-image-5282\" srcset=\"https:\/\/sitac.transdev-hdf.fr\/wp-content\/uploads\/2022\/06\/7.png 328w, https:\/\/sitac.transdev-hdf.fr\/wp-content\/uploads\/2022\/06\/7-149x300.png 149w\" sizes=\"(max-width: 328px) 100vw, 328px\" \/><figcaption class=\"blocks-gallery-item__caption\"><strong><span style=\"color:#f4060a\" class=\"has-inline-color\">7<\/span><\/strong><\/figcaption><\/figure><\/li><li class=\"blocks-gallery-item\"><figure><img decoding=\"async\" loading=\"lazy\" width=\"328\" height=\"645\" src=\"https:\/\/sitac.transdev-hdf.fr\/wp-content\/uploads\/2022\/06\/8-1.png\" alt=\"\" data-id=\"5284\" data-full-url=\"https:\/\/sitac.transdev-hdf.fr\/wp-content\/uploads\/2022\/06\/8-1.png\" data-link=\"https:\/\/sitac.transdev-hdf.fr\/index.php\/divers\/lapplication-mobile\/8-1\/\" class=\"wp-image-5284\" srcset=\"https:\/\/sitac.transdev-hdf.fr\/wp-content\/uploads\/2022\/06\/8-1.png 328w, https:\/\/sitac.transdev-hdf.fr\/wp-content\/uploads\/2022\/06\/8-1-153x300.png 153w\" sizes=\"(max-width: 328px) 100vw, 328px\" \/><figcaption class=\"blocks-gallery-item__caption\"><strong><span style=\"color:#f4060a\" class=\"has-inline-color\">8<\/span><\/strong><\/figcaption><\/figure><\/li><li class=\"blocks-gallery-item\"><figure><img decoding=\"async\" loading=\"lazy\" width=\"326\" height=\"651\" src=\"https:\/\/sitac.transdev-hdf.fr\/wp-content\/uploads\/2022\/06\/9.png\" alt=\"\" data-id=\"5285\" data-full-url=\"https:\/\/sitac.transdev-hdf.fr\/wp-content\/uploads\/2022\/06\/9.png\" data-link=\"https:\/\/sitac.transdev-hdf.fr\/index.php\/divers\/lapplication-mobile\/attachment\/9\/\" class=\"wp-image-5285\" srcset=\"https:\/\/sitac.transdev-hdf.fr\/wp-content\/uploads\/2022\/06\/9.png 326w, https:\/\/sitac.transdev-hdf.fr\/wp-content\/uploads\/2022\/06\/9-150x300.png 150w\" sizes=\"(max-width: 326px) 100vw, 326px\" \/><figcaption class=\"blocks-gallery-item__caption\"><strong><span style=\"color:#f4060a\" class=\"has-inline-color\">9<\/span><\/strong><\/figcaption><\/figure><\/li><li class=\"blocks-gallery-item\"><figure><img decoding=\"async\" loading=\"lazy\" width=\"327\" height=\"651\" src=\"https:\/\/sitac.transdev-hdf.fr\/wp-content\/uploads\/2022\/06\/10.png\" alt=\"\" data-id=\"5286\" data-full-url=\"https:\/\/sitac.transdev-hdf.fr\/wp-content\/uploads\/2022\/06\/10.png\" data-link=\"https:\/\/sitac.transdev-hdf.fr\/index.php\/divers\/lapplication-mobile\/attachment\/10\/\" class=\"wp-image-5286\" srcset=\"https:\/\/sitac.transdev-hdf.fr\/wp-content\/uploads\/2022\/06\/10.png 327w, https:\/\/sitac.transdev-hdf.fr\/wp-content\/uploads\/2022\/06\/10-151x300.png 151w\" sizes=\"(max-width: 327px) 100vw, 327px\" \/><figcaption class=\"blocks-gallery-item__caption\"><strong><span style=\"color:#f4060a\" class=\"has-inline-color\">10<\/span><\/strong><\/figcaption><\/figure><\/li><\/ul><\/figure>\n\n\n\n<p><strong><span style=\"color:#f4060a\" class=\"has-inline-color\">7<\/span><\/strong> &#8211; Pour votre itin\u00e9raire, vous avez la possibilit\u00e9 de rechercher votre position souhait\u00e9e via la carte en cliquant sur \u00ab&nbsp;Recherchez votre itin\u00e9raire sur la carte&nbsp;\u00bb . Les adresses de votre lieu de d\u00e9part et d\u2019arriv\u00e9e s\u2019afficheront dans le menu.<\/p>\n\n\n\n<p><strong><span style=\"color:#f4060a\" class=\"has-inline-color\">8<\/span><\/strong> &#8211; Validez votre lieu de d\u00e9part ou de destination sur la carte en pla\u00e7ant la cible sur le lieu choisi et cliquez sur le bouton \u00ab&nbsp;D\u00e9finir D\u00e9part&nbsp;\u00bb. Faites de m\u00eame pour votre lieu d\u2019arriv\u00e9e.<\/p>\n\n\n\n<p><strong><span style=\"color:#f4060a\" class=\"has-inline-color\">9<\/span><\/strong> &#8211; Une fois votre recherche d\u2019itin\u00e9raire choisie avec la date et l\u2019heure voulue, cliquez sur \u00ab&nbsp;rechercher&nbsp;\u00bb. 3 solutions vous sont propos\u00e9es. Vous avez la possibilit\u00e9 de visualiser votre trajet en cliquant sur \u00ab&nbsp;voir la carte&nbsp;\u00bb .<br>Vous pouvez \u00e9galement sauvegarder vos itin\u00e9raires.<\/p>\n\n\n\n<p><strong><span style=\"color:#f4060a\" class=\"has-inline-color\">10<\/span><\/strong> &#8211; Vous avez la visualisation de votre trajet sur la carte avec les diff\u00e9rents modes de d\u00e9placement.<\/p>\n\n\n\n<hr class=\"wp-block-separator is-style-dots\"\/>\n\n\n\n<h4 class=\"wp-block-heading\"><strong><span style=\"color:#993467\" class=\"has-inline-color\">V\u00e9los en libre-service :<\/span><\/strong><\/h4>\n\n\n\n<figure class=\"wp-block-gallery columns-3 is-cropped wp-block-gallery-10 is-layout-flex\"><ul class=\"blocks-gallery-grid\"><li class=\"blocks-gallery-item\"><figure><img decoding=\"async\" loading=\"lazy\" width=\"328\" height=\"698\" src=\"https:\/\/sitac.transdev-hdf.fr\/wp-content\/uploads\/2022\/06\/11.png\" alt=\"\" data-id=\"5287\" data-full-url=\"https:\/\/sitac.transdev-hdf.fr\/wp-content\/uploads\/2022\/06\/11.png\" data-link=\"https:\/\/sitac.transdev-hdf.fr\/index.php\/divers\/lapplication-mobile\/attachment\/11\/\" class=\"wp-image-5287\" srcset=\"https:\/\/sitac.transdev-hdf.fr\/wp-content\/uploads\/2022\/06\/11.png 328w, https:\/\/sitac.transdev-hdf.fr\/wp-content\/uploads\/2022\/06\/11-141x300.png 141w\" sizes=\"(max-width: 328px) 100vw, 328px\" \/><figcaption class=\"blocks-gallery-item__caption\"><strong><span style=\"color:#f4060a\" class=\"has-inline-color\">11<\/span><\/strong><\/figcaption><\/figure><\/li><li class=\"blocks-gallery-item\"><figure><img decoding=\"async\" loading=\"lazy\" width=\"328\" height=\"692\" src=\"https:\/\/sitac.transdev-hdf.fr\/wp-content\/uploads\/2022\/06\/12.png\" alt=\"\" data-id=\"5288\" data-full-url=\"https:\/\/sitac.transdev-hdf.fr\/wp-content\/uploads\/2022\/06\/12.png\" data-link=\"https:\/\/sitac.transdev-hdf.fr\/index.php\/divers\/lapplication-mobile\/attachment\/12\/\" class=\"wp-image-5288\" srcset=\"https:\/\/sitac.transdev-hdf.fr\/wp-content\/uploads\/2022\/06\/12.png 328w, https:\/\/sitac.transdev-hdf.fr\/wp-content\/uploads\/2022\/06\/12-142x300.png 142w\" sizes=\"(max-width: 328px) 100vw, 328px\" \/><figcaption class=\"blocks-gallery-item__caption\"><strong><span style=\"color:#f4060a\" class=\"has-inline-color\">12<\/span><\/strong><\/figcaption><\/figure><\/li><li class=\"blocks-gallery-item\"><figure><img decoding=\"async\" loading=\"lazy\" width=\"328\" height=\"718\" src=\"https:\/\/sitac.transdev-hdf.fr\/wp-content\/uploads\/2022\/06\/13.png\" alt=\"\" data-id=\"5289\" data-full-url=\"https:\/\/sitac.transdev-hdf.fr\/wp-content\/uploads\/2022\/06\/13.png\" data-link=\"https:\/\/sitac.transdev-hdf.fr\/index.php\/divers\/lapplication-mobile\/attachment\/13\/\" class=\"wp-image-5289\" srcset=\"https:\/\/sitac.transdev-hdf.fr\/wp-content\/uploads\/2022\/06\/13.png 328w, https:\/\/sitac.transdev-hdf.fr\/wp-content\/uploads\/2022\/06\/13-137x300.png 137w\" sizes=\"(max-width: 328px) 100vw, 328px\" \/><figcaption class=\"blocks-gallery-item__caption\"><strong><span style=\"color:#f4060a\" class=\"has-inline-color\">13<\/span><\/strong><\/figcaption><\/figure><\/li><\/ul><\/figure>\n\n\n\n<p><strong><span style=\"color:#f4060a\" class=\"has-inline-color\">11<\/span><\/strong> &#8211; Sur la page d&rsquo;accueil, s\u00e9lectionnez le service d\u00e9sir\u00e9 ( Vel&rsquo;in ou Velect&rsquo;in)<\/p>\n\n\n\n<p><strong><span style=\"color:#f4060a\" class=\"has-inline-color\">12<\/span><\/strong> &#8211; Sur la page Vel&rsquo;in, vous retrouvez la liste de toutes les stations avec les informations temps r\u00e9el<br>Vous pouvez \u00e9galement cliquer sur le bouton \u00ab\u00a0de localisation\u00a0\u00bb pour trouver la station la plus proche de votre position.<\/p>\n\n\n\n<p><strong><span style=\"color:#f4060a\" class=\"has-inline-color\">13<\/span><\/strong> &#8211; Sur la page Velect&rsquo;in, vous retrouvez la liste de toutes le stations avec les informations temps r\u00e9el<br>Vous pouvez \u00e9galement louer votre v\u00e9lo.<\/p>\n\n\n\n<hr class=\"wp-block-separator is-style-dots\"\/>\n\n\n\n<p><strong>D\u2019autres am\u00e9liorations arriveront dans les prochaines versions.<\/strong><\/p>\n","protected":false},"excerpt":{"rendered":"<p>Vous pouvez t\u00e9l\u00e9charger L&rsquo;application sur votre store : Vous retrouverez sur cette application : Un module temps r\u00e9el en page d\u2019accueil Une gestion de vos arr\u00eats favoris Le d\u00e9tail de la course en cliquant sur un horaire temps r\u00e9el La possibilit\u00e9 de s\u00e9lectionner une position sur la carte pour un calcul d\u2019itin\u00e9raire Le d\u00e9tail de &hellip; <\/p>\n<p class=\"link-more\"><a href=\"https:\/\/sitac.transdev-hdf.fr\/index.php\/divers\/lapplication-mobile\/\" class=\"more-link\">Continuer la lecture <span class=\"screen-reader-text\"> \u00ab\u00a0L&rsquo;application Mobile\u00a0\u00bb<\/span><\/a><\/p>\n","protected":false},"author":1,"featured_media":0,"parent":2729,"menu_order":1,"comment_status":"closed","ping_status":"closed","template":"","meta":{"_expiration-date-status":"","_expiration-date":0,"_expiration-date-type":"","_expiration-date-categories":[],"_expiration-date-options":[]},"_links":{"self":[{"href":"https:\/\/sitac.transdev-hdf.fr\/index.php\/wp-json\/wp\/v2\/pages\/5270"}],"collection":[{"href":"https:\/\/sitac.transdev-hdf.fr\/index.php\/wp-json\/wp\/v2\/pages"}],"about":[{"href":"https:\/\/sitac.transdev-hdf.fr\/index.php\/wp-json\/wp\/v2\/types\/page"}],"author":[{"embeddable":true,"href":"https:\/\/sitac.transdev-hdf.fr\/index.php\/wp-json\/wp\/v2\/users\/1"}],"replies":[{"embeddable":true,"href":"https:\/\/sitac.transdev-hdf.fr\/index.php\/wp-json\/wp\/v2\/comments?post=5270"}],"version-history":[{"count":14,"href":"https:\/\/sitac.transdev-hdf.fr\/index.php\/wp-json\/wp\/v2\/pages\/5270\/revisions"}],"predecessor-version":[{"id":5307,"href":"https:\/\/sitac.transdev-hdf.fr\/index.php\/wp-json\/wp\/v2\/pages\/5270\/revisions\/5307"}],"up":[{"embeddable":true,"href":"https:\/\/sitac.transdev-hdf.fr\/index.php\/wp-json\/wp\/v2\/pages\/2729"}],"wp:attachment":[{"href":"https:\/\/sitac.transdev-hdf.fr\/index.php\/wp-json\/wp\/v2\/media?parent=5270"}],"curies":[{"name":"wp","href":"https:\/\/api.w.org\/{rel}","templated":true}]}}